{"id":23325,"date":"2023-08-07T11:01:45","date_gmt":"2023-08-07T11:01:45","guid":{"rendered":"https:\/\/staging.lendai.us\/contacte-con-nosotros\/"},"modified":"2024-10-30T16:27:54","modified_gmt":"2024-10-30T16:27:54","slug":"contacte-con-nosotros","status":"publish","type":"page","link":"https:\/\/staging.lendai.us\/es\/contacte-con-nosotros\/","title":{"rendered":"Cont\u00e1ctenos"},"content":{"rendered":"\t\t<div data-elementor-type=\"wp-page\" data-elementor-id=\"23325\" class=\"elementor elementor-23325 elementor-22529\" data-elementor-post-type=\"page\">\n\t\t\t\t\t\t<section class=\"elementor-section elementor-top-section elementor-element elementor-element-3eed757 elementor-section-height-min-height elementor-section-stretched elementor-section-boxed elementor-section-height-default elementor-section-items-middle\" data-id=\"3eed757\" data-element_type=\"section\" data-settings=\"{&quot;stretch_section&quot;:&quot;section-stretched&quot;,&quot;background_background&quot;:&quot;classic&quot;,&quot;shape_divider_bottom&quot;:&quot;curve&quot;,&quot;shape_divider_bottom_negative&quot;:&quot;yes&quot;}\">\n\t\t\t\t\t\t\t<div class=\"elementor-background-overlay\"><\/div>\n\t\t\t\t\t\t<div class=\"elementor-shape elementor-shape-bottom\" aria-hidden=\"true\" data-negative=\"true\">\n\t\t\t<svg xmlns=\"http:\/\/www.w3.org\/2000\/svg\" viewBox=\"0 0 1000 100\" preserveAspectRatio=\"none\">\n\t<path class=\"elementor-shape-fill\" d=\"M500,97C126.7,96.3,0.8,19.8,0,0v100l1000,0V1C1000,19.4,873.3,97.8,500,97z\"\/>\n<\/svg>\t\t<\/div>\n\t\t\t\t\t<div class=\"elementor-container elementor-column-gap-default\">\n\t\t\t\t\t<div class=\"elementor-column elementor-col-100 elementor-top-column elementor-element elementor-element-c0e6f9f\" data-id=\"c0e6f9f\" data-element_type=\"column\">\n\t\t\t<div class=\"elementor-widget-wrap elementor-element-populated\">\n\t\t\t\t\t\t<div class=\"elementor-element elementor-element-9263f4d elementor-widget elementor-widget-heading\" data-id=\"9263f4d\" data-element_type=\"widget\" data-widget_type=\"heading.default\">\n\t\t\t\t<div class=\"elementor-widget-container\">\n\t\t\t\t\t<h1 class=\"elementor-heading-title elementor-size-default\">Cont\u00e1ctenos<\/h1>\t\t\t\t<\/div>\n\t\t\t\t<\/div>\n\t\t\t\t\t<\/div>\n\t\t<\/div>\n\t\t\t\t\t<\/div>\n\t\t<\/section>\n\t\t\t\t<section class=\"elementor-section elementor-top-section elementor-element elementor-element-7486ebe elementor-section-height-min-height elementor-section-items-stretch elementor-section-boxed elementor-section-height-default\" data-id=\"7486ebe\" data-element_type=\"section\">\n\t\t\t\t\t\t<div class=\"elementor-container elementor-column-gap-default\">\n\t\t\t\t\t<div class=\"elementor-column elementor-col-50 elementor-top-column elementor-element elementor-element-76bd6e2\" data-id=\"76bd6e2\" data-element_type=\"column\" data-settings=\"{&quot;background_background&quot;:&quot;classic&quot;}\">\n\t\t\t<div class=\"elementor-widget-wrap\">\n\t\t\t\t\t\t\t<\/div>\n\t\t<\/div>\n\t\t\t\t<div class=\"elementor-column elementor-col-50 elementor-top-column elementor-element elementor-element-765d32e\" data-id=\"765d32e\" data-element_type=\"column\">\n\t\t\t<div class=\"elementor-widget-wrap elementor-element-populated\">\n\t\t\t\t\t\t<section class=\"elementor-section elementor-inner-section elementor-element elementor-element-7e79a44 elementor-section-boxed elementor-section-height-default elementor-section-height-default\" data-id=\"7e79a44\" data-element_type=\"section\">\n\t\t\t\t\t\t<div class=\"elementor-container elementor-column-gap-default\">\n\t\t\t\t\t<div class=\"elementor-column elementor-col-100 elementor-inner-column elementor-element elementor-element-925e4e9\" data-id=\"925e4e9\" data-element_type=\"column\">\n\t\t\t<div class=\"elementor-widget-wrap elementor-element-populated\">\n\t\t\t\t\t\t<div class=\"elementor-element elementor-element-fc2ad02 elementor-align-justify elementor-widget__width-initial elementor-widget elementor-widget-button\" data-id=\"fc2ad02\" data-element_type=\"widget\" id=\"partnerFormButton\" data-widget_type=\"button.default\">\n\t\t\t\t<div class=\"elementor-widget-container\">\n\t\t\t\t\t\t\t\t\t<div class=\"elementor-button-wrapper\">\n\t\t\t\t\t<a class=\"elementor-button elementor-size-sm\" role=\"button\">\n\t\t\t\t\t\t<span class=\"elementor-button-content-wrapper\">\n\t\t\t\t\t\t\t\t\t<span class=\"elementor-button-text\"><span class=\"hide-on-mobile\">Interesados en una<\/span> asociaci\u00f3n<\/span>\n\t\t\t\t\t<\/span>\n\t\t\t\t\t<\/a>\n\t\t\t\t<\/div>\n\t\t\t\t\t\t\t\t<\/div>\n\t\t\t\t<\/div>\n\t\t\t\t<div class=\"elementor-element elementor-element-85c2bbd elementor-align-justify elementor-widget__width-initial elementor-widget elementor-widget-button\" data-id=\"85c2bbd\" data-element_type=\"widget\" id=\"loanFormButton\" data-widget_type=\"button.default\">\n\t\t\t\t<div class=\"elementor-widget-container\">\n\t\t\t\t\t\t\t\t\t<div class=\"elementor-button-wrapper\">\n\t\t\t\t\t<a class=\"elementor-button elementor-size-sm\" role=\"button\">\n\t\t\t\t\t\t<span class=\"elementor-button-content-wrapper\">\n\t\t\t\t\t\t\t\t\t<span class=\"elementor-button-text\"><span class=\"hide-on-mobile\">Interesado en un <\/span>pr\u00e9stamo<\/span>\n\t\t\t\t\t<\/span>\n\t\t\t\t\t<\/a>\n\t\t\t\t<\/div>\n\t\t\t\t\t\t\t\t<\/div>\n\t\t\t\t<\/div>\n\t\t\t\t\t<\/div>\n\t\t<\/div>\n\t\t\t\t\t<\/div>\n\t\t<\/section>\n\t\t\t\t<div class=\"elementor-element elementor-element-6333ab9 contactForm partnerForm elementor-widget elementor-widget-html\" data-id=\"6333ab9\" data-element_type=\"widget\" data-widget_type=\"html.default\">\n\t\t\t\t<div class=\"elementor-widget-container\">\n\t\t\t\t\t<div id=\"zf_div_8UWbvxehrJRCXF8BlqwPn4-SXdjvq1aOt5Lq3jBX5tQ\"><\/div><script type=\"text\/javascript\">(function() {\r\ntry{\r\nvar f = document.createElement(\"iframe\");\r\nf.src = 'https:\/\/forms.zohopublic.com\/lendai\/form\/LendaiWebsitePartnerB2BFormES\/formperma\/8UWbvxehrJRCXF8BlqwPn4-SXdjvq1aOt5Lq3jBX5tQ?zf_rszfm=1';\r\nf.style.border=\"none\";\r\nf.style.height=\"577px\";\r\nf.style.width=\"99%\";\r\nf.style.transition=\"all 0.5s ease\";\r\nf.setAttribute(\"aria-label\", 'Lendai\\x20Website\\x20Partner\\x20B2B\\x20Form\\x2DES');\r\n\r\nvar d = document.getElementById(\"zf_div_8UWbvxehrJRCXF8BlqwPn4-SXdjvq1aOt5Lq3jBX5tQ\");\r\nd.appendChild(f);\r\nwindow.addEventListener('message', function (){\r\nvar evntData = event.data;\r\nif( evntData && evntData.constructor == String ){\r\nvar zf_ifrm_data = evntData.split(\"|\");\r\nif ( zf_ifrm_data.length == 2 || zf_ifrm_data.length == 3 ) {\r\nvar zf_perma = zf_ifrm_data[0];\r\nvar zf_ifrm_ht_nw = ( parseInt(zf_ifrm_data[1], 10) + 15 ) + \"px\";\r\nvar iframe = document.getElementById(\"zf_div_8UWbvxehrJRCXF8BlqwPn4-SXdjvq1aOt5Lq3jBX5tQ\").getElementsByTagName(\"iframe\")[0];\r\nif ( (iframe.src).indexOf('formperma') > 0 && (iframe.src).indexOf(zf_perma) > 0 ) {\r\nvar prevIframeHeight = iframe.style.height;\r\nvar zf_tout = false;\r\nif( zf_ifrm_data.length == 3 ) {\r\niframe.scrollIntoView();\r\nzf_tout = true;\r\n}\r\nif ( prevIframeHeight != zf_ifrm_ht_nw ) {\r\nif( zf_tout ) {\r\nsetTimeout(function(){\r\niframe.style.height = zf_ifrm_ht_nw;\r\n},500);\r\n} else {\r\niframe.style.height = zf_ifrm_ht_nw;\r\n}\r\n}\r\n}\r\n}\r\n}\r\n}, false);\r\n}catch(e){}\r\n})();<\/script>\t\t\t\t<\/div>\n\t\t\t\t<\/div>\n\t\t\t\t<div class=\"elementor-element elementor-element-247b6e0 contactForm loanForm elementor-widget elementor-widget-html\" data-id=\"247b6e0\" data-element_type=\"widget\" data-widget_type=\"html.default\">\n\t\t\t\t<div class=\"elementor-widget-container\">\n\t\t\t\t\t<iframe aria-label='Website B2C Lead Scoring Form-ES' frameborder=\"0\" style=\"height:900px;width:99%;border:none;\" src='https:\/\/forms.zohopublic.com\/lendai\/form\/WebsiteB2CLeadScoringFormES\/formperma\/nAmyozIlLQOralqt7F9HEgxCYbyoojsM0jKeQwdXfvQ'><\/iframe>\t\t\t\t<\/div>\n\t\t\t\t<\/div>\n\t\t\t\t<div class=\"elementor-element elementor-element-9074ec2 elementor-widget elementor-widget-html\" data-id=\"9074ec2\" data-element_type=\"widget\" data-widget_type=\"html.default\">\n\t\t\t\t<div class=\"elementor-widget-container\">\n\t\t\t\t\t\n<script>jQuery(document).ready(function ($) {\n    $('#loanFormButton').addClass('toggle-button-disable');\n    $('.loanForm').addClass('hide');\n\n    $('#partnerFormButton').click(function () {\n        $('#partnerFormButton').removeClass('toggle-button-disable');\n        $('#loanFormButton').addClass('toggle-button-disable');\n        \/* Display\/Hide form *\/\n        $('.loanForm').addClass('hide');\n        $('.partnerForm').removeClass('hide');\n    });\n\n    $('#loanFormButton').click(function () {\n        $('#loanFormButton').removeClass('toggle-button-disable');\n        $('#partnerFormButton').addClass('toggle-button-disable');\n        \/* Display\/Hide form *\/\n        $('.partnerForm').addClass('hide');\n        $('.loanForm').removeClass('hide');\n    });\n});\n<\/script>\t\t\t\t<\/div>\n\t\t\t\t<\/div>\n\t\t\t\t\t<\/div>\n\t\t<\/div>\n\t\t\t\t\t<\/div>\n\t\t<\/section>\n\t\t\t\t<\/div>\n\t\t","protected":false},"excerpt":{"rendered":"<p>Cont\u00e1ctenos Interesados en una asociaci\u00f3n Interesado en un pr\u00e9stamo<\/p>\n","protected":false},"author":25,"featured_media":21460,"parent":0,"menu_order":0,"comment_status":"closed","ping_status":"closed","template":"elementor_header_footer","meta":{"footnotes":"","_links_to":"","_links_to_target":""},"class_list":["post-23325","page","type-page","status-publish","has-post-thumbnail","hentry"],"_links":{"self":[{"href":"https:\/\/staging.lendai.us\/es\/wp-json\/wp\/v2\/pages\/23325","targetHints":{"allow":["GET"]}}],"collection":[{"href":"https:\/\/staging.lendai.us\/es\/wp-json\/wp\/v2\/pages"}],"about":[{"href":"https:\/\/staging.lendai.us\/es\/wp-json\/wp\/v2\/types\/page"}],"author":[{"embeddable":true,"href":"https:\/\/staging.lendai.us\/es\/wp-json\/wp\/v2\/users\/25"}],"replies":[{"embeddable":true,"href":"https:\/\/staging.lendai.us\/es\/wp-json\/wp\/v2\/comments?post=23325"}],"version-history":[{"count":0,"href":"https:\/\/staging.lendai.us\/es\/wp-json\/wp\/v2\/pages\/23325\/revisions"}],"wp:featuredmedia":[{"embeddable":true,"href":"https:\/\/staging.lendai.us\/es\/wp-json\/wp\/v2\/media\/21460"}],"wp:attachment":[{"href":"https:\/\/staging.lendai.us\/es\/wp-json\/wp\/v2\/media?parent=23325"}],"curies":[{"name":"wp","href":"https:\/\/api.w.org\/{rel}","templated":true}]}}